{"id":14108,"date":"2025-12-17T20:28:15","date_gmt":"2025-12-17T19:28:15","guid":{"rendered":"https:\/\/snakkar.fr\/privacy-policy\/"},"modified":"2026-01-15T17:22:56","modified_gmt":"2026-01-15T16:22:56","slug":"privacy-policy","status":"publish","type":"page","link":"https:\/\/snakkar.fr\/en\/privacy-policy\/","title":{"rendered":"Politique de confidentialit\u00e9"},"content":{"rendered":"<div data-elementor-type=\"wp-page\" data-elementor-id=\"14108\" class=\"elementor elementor-14108\" data-elementor-post-type=\"page\">\n\t\t\t\t<div class=\"elementor-element elementor-element-b665cbd e-flex e-con-boxed e-con e-parent\" data-id=\"b665cbd\" data-element_type=\"container\" data-e-type=\"container\">\n\t\t\t\t\t<div class=\"e-con-inner\">\n\t\t<div class=\"elementor-element elementor-element-aa396f9 e-con-full e-flex e-con e-child\" data-id=\"aa396f9\" data-element_type=\"container\" data-e-type=\"container\">\n\t\t\t\t<div class=\"elementor-element elementor-element-b2ff015 elementor-widget elementor-widget-heading\" data-id=\"b2ff015\" data-element_type=\"widget\" data-e-type=\"widget\" data-widget_type=\"heading.default\">\n\t\t\t\t\t<div class=\"elementor-heading-title elementor-size-default\">Politique de confidentialit\u00e9<\/div>\t\t\t\t<\/div>\n\t\t\t\t<div class=\"elementor-element elementor-element-58c3408 elementor-widget elementor-widget-heading\" data-id=\"58c3408\" data-element_type=\"widget\" data-e-type=\"widget\" data-widget_type=\"heading.default\">\n\t\t\t\t\t<h2 class=\"elementor-heading-title elementor-size-default\">Confidentialit\u00e9 &amp;\n\n<span style=\"font-style: italic\">Protection.<\/span><\/h2>\t\t\t\t<\/div>\n\t\t\t\t<div class=\"elementor-element elementor-element-ae46e08 elementor-widget__width-initial elementor-widget elementor-widget-text-editor\" data-id=\"ae46e08\" data-element_type=\"widget\" data-e-type=\"widget\" data-widget_type=\"text-editor.default\">\n\t\t\t\t\t\t\t\t\t<p data-start=\"77\" data-end=\"192\">Vos donn\u00e9es s\u00e9curis\u00e9es et respect\u00e9es pour un apprentissage en toute confiance.<\/p>\t\t\t\t\t\t\t\t<\/div>\n\t\t\t\t<\/div>\n\t\t\t\t\t<\/div>\n\t\t\t\t<\/div>\n\t\t<div class=\"elementor-element elementor-element-aba4f4a e-flex e-con-boxed e-con e-parent\" data-id=\"aba4f4a\" data-element_type=\"container\" data-e-type=\"container\">\n\t\t\t\t\t<div class=\"e-con-inner\">\n\t\t\t\t<div class=\"elementor-element elementor-element-96142cd elementor-widget elementor-widget-text-editor\" data-id=\"96142cd\" data-element_type=\"widget\" data-e-type=\"widget\" data-widget_type=\"text-editor.default\">\n\t\t\t\t\t\t\t\t\t<p data-start=\"415\" data-end=\"456\">Derni\u00e8re mise \u00e0 jour : <em data-start=\"438\" data-end=\"454\">14\/01\/2026<\/em><\/p><p data-start=\"458\" data-end=\"619\">La pr\u00e9sente politique d\u00e9crit comment Snakkar Formations collecte, utilise et prot\u00e8ge vos donn\u00e9es personnelles sur le site et la plateforme d\u2019apprentissage.<\/p><p data-start=\"621\" data-end=\"809\">Snakkar Formations<br data-start=\"643\" data-end=\"646\" \/>135 avenue du 24 avril 1915, 13012 Marseille, France<br data-start=\"698\" data-end=\"701\" \/>Email : <a class=\"decorated-link cursor-pointer\" href=\"mailto:contact@snakkar.fr\" rel=\"noopener\" data-start=\"709\" data-end=\"727\">contact@snakkar.fr<\/a> \u2013 T\u00e9l\u00e9phone : +33 6 69 53 48 71<br data-start=\"759\" data-end=\"762\" \/>Reg. No. 89777509400039 \u2013 TVA : FR14897775094<\/p><hr data-start=\"811\" data-end=\"814\" \/><h2 data-start=\"816\" data-end=\"851\">1. Responsable du traitement<\/h2><p data-start=\"852\" data-end=\"922\">Le responsable du traitement des donn\u00e9es est Snakkar Formations.<\/p><p data-start=\"924\" data-end=\"1022\">Pour toute question relative \u00e0 vos donn\u00e9es, vous pouvez nous contacter :<br data-start=\"996\" data-end=\"999\" \/>\ud83d\udce7 <a class=\"decorated-link cursor-pointer\" href=\"mailto:contact@snakkar.fr\" rel=\"noopener\" data-start=\"1002\" data-end=\"1020\">contact@snakkar.fr<\/a><\/p><hr data-start=\"1024\" data-end=\"1027\" \/><h2 data-start=\"1029\" data-end=\"1057\">2. Donn\u00e9es collect\u00e9es<\/h2><p data-start=\"1058\" data-end=\"1128\">Lors de votre utilisation de la plateforme, nous pouvons collecter :<\/p><h3 data-start=\"1130\" data-end=\"1158\">2.1 Donn\u00e9es obligatoires<\/h3><ul data-start=\"1159\" data-end=\"1316\"><li data-start=\"1159\" data-end=\"1176\"><p data-start=\"1161\" data-end=\"1176\">Nom et pr\u00e9nom<\/p><\/li><li data-start=\"1177\" data-end=\"1195\"><p data-start=\"1179\" data-end=\"1195\">Adresse e-mail<\/p><\/li><li data-start=\"1196\" data-end=\"1250\"><p data-start=\"1198\" data-end=\"1250\">Informations de compte (identifiant, mot de passe)<\/p><\/li><li data-start=\"1251\" data-end=\"1276\"><p data-start=\"1253\" data-end=\"1276\">Historique des achats<\/p><\/li><li data-start=\"1277\" data-end=\"1316\"><p data-start=\"1279\" data-end=\"1316\">Informations de paiement via Stripe<\/p><\/li><\/ul><h3 data-start=\"1318\" data-end=\"1346\">2.2 Donn\u00e9es facultatives<\/h3><ul data-start=\"1347\" data-end=\"1417\"><li data-start=\"1347\" data-end=\"1384\"><p data-start=\"1349\" data-end=\"1384\">Informations pour les newsletters<\/p><\/li><li data-start=\"1385\" data-end=\"1417\"><p data-start=\"1387\" data-end=\"1417\">Pr\u00e9f\u00e9rences de communication<\/p><\/li><\/ul><h3 data-start=\"1419\" data-end=\"1448\">2.3 Donn\u00e9es de navigation<\/h3><ul data-start=\"1449\" data-end=\"1554\"><li data-start=\"1449\" data-end=\"1463\"><p data-start=\"1451\" data-end=\"1463\">Adresse IP<\/p><\/li><li data-start=\"1464\" data-end=\"1512\"><p data-start=\"1466\" data-end=\"1512\">Pages consult\u00e9es et interactions sur le site<\/p><\/li><li data-start=\"1513\" data-end=\"1554\"><p data-start=\"1515\" data-end=\"1554\">Donn\u00e9es anonymis\u00e9es pour statistiques<\/p><\/li><\/ul><h3 data-start=\"1556\" data-end=\"1591\">2.4 Donn\u00e9es li\u00e9es \u00e0 la s\u00e9curit\u00e9<\/h3><ul data-start=\"1592\" data-end=\"1661\"><li data-start=\"1592\" data-end=\"1661\"><p data-start=\"1594\" data-end=\"1661\">Cookies techniques et reCAPTCHA pour pr\u00e9venir les fraudes et abus<\/p><\/li><\/ul><hr data-start=\"1663\" data-end=\"1666\" \/><h2 data-start=\"1668\" data-end=\"1701\">3. Finalit\u00e9s du traitement<\/h2><p data-start=\"1702\" data-end=\"1737\">Les donn\u00e9es sont utilis\u00e9es pour :<\/p><ul data-start=\"1738\" data-end=\"2099\"><li data-start=\"1738\" data-end=\"1784\"><p data-start=\"1740\" data-end=\"1784\">Gestion de votre compte et acc\u00e8s aux cours<\/p><\/li><li data-start=\"1785\" data-end=\"1837\"><p data-start=\"1787\" data-end=\"1837\">Fourniture et planification des services achet\u00e9s<\/p><\/li><li data-start=\"1838\" data-end=\"1883\"><p data-start=\"1840\" data-end=\"1883\">Facturation et paiement s\u00e9curis\u00e9 (Stripe)<\/p><\/li><li data-start=\"1884\" data-end=\"1937\"><p data-start=\"1886\" data-end=\"1937\">Communication relative aux formations et sessions<\/p><\/li><li data-start=\"1938\" data-end=\"1995\"><p data-start=\"1940\" data-end=\"1995\">Envoi de newsletters internes (si consentement donn\u00e9)<\/p><\/li><li data-start=\"1996\" data-end=\"2046\"><p data-start=\"1998\" data-end=\"2046\">S\u00e9curit\u00e9 et pr\u00e9vention de fraude via reCAPTCHA<\/p><\/li><li data-start=\"2047\" data-end=\"2099\"><p data-start=\"2049\" data-end=\"2099\">Analyse statistique pour am\u00e9liorer la plateforme<\/p><\/li><\/ul><hr data-start=\"2101\" data-end=\"2104\" \/><h2 data-start=\"2106\" data-end=\"2141\">4. Base l\u00e9gale du traitement<\/h2><ul data-start=\"2142\" data-end=\"2393\"><li data-start=\"2142\" data-end=\"2195\"><p data-start=\"2144\" data-end=\"2195\">Ex\u00e9cution du contrat : acc\u00e8s aux services achet\u00e9s<\/p><\/li><li data-start=\"2196\" data-end=\"2252\"><p data-start=\"2198\" data-end=\"2252\">Consentement : newsletters et cookies non essentiels<\/p><\/li><li data-start=\"2253\" data-end=\"2318\"><p data-start=\"2255\" data-end=\"2318\">Obligation l\u00e9gale : facturation et conservation des documents<\/p><\/li><li data-start=\"2319\" data-end=\"2393\"><p data-start=\"2321\" data-end=\"2393\">Int\u00e9r\u00eat l\u00e9gitime : s\u00e9curit\u00e9 de la plateforme et pr\u00e9vention des fraudes<\/p><\/li><\/ul><hr data-start=\"2395\" data-end=\"2398\" \/><h2 data-start=\"2400\" data-end=\"2429\">5. Partage des donn\u00e9es<\/h2><p data-start=\"2430\" data-end=\"2517\">Vos donn\u00e9es ne sont pas vendues ni partag\u00e9es \u00e0 des tiers \u00e0 des fins commerciales.<\/p><p data-start=\"2519\" data-end=\"2560\">Des tiers peuvent \u00eatre impliqu\u00e9s pour :<\/p><ul data-start=\"2561\" data-end=\"2622\"><li data-start=\"2561\" data-end=\"2586\"><p data-start=\"2563\" data-end=\"2586\">Paiement : Stripe<\/p><\/li><li data-start=\"2587\" data-end=\"2622\"><p data-start=\"2589\" data-end=\"2622\">S\u00e9curit\u00e9 : Google reCAPTCHA<\/p><\/li><\/ul><p data-start=\"2624\" data-end=\"2763\">Ces prestataires sont li\u00e9s par des obligations de confidentialit\u00e9 et ne peuvent utiliser vos donn\u00e9es que pour leurs services sp\u00e9cifiques.<\/p><hr data-start=\"2765\" data-end=\"2768\" \/><h2 data-start=\"2770\" data-end=\"2801\">6. Dur\u00e9e de conservation<\/h2><ul data-start=\"2802\" data-end=\"3127\"><li data-start=\"2802\" data-end=\"2875\"><p data-start=\"2804\" data-end=\"2875\">Donn\u00e9es li\u00e9es aux achats et factures : 10 ans (conformit\u00e9 l\u00e9gale)<\/p><\/li><li data-start=\"2876\" data-end=\"2955\"><p data-start=\"2878\" data-end=\"2955\">Compte utilisateur et donn\u00e9es associ\u00e9es : jusqu\u2019\u00e0 suppression du compte<\/p><\/li><li data-start=\"2956\" data-end=\"3037\"><p data-start=\"2958\" data-end=\"3037\">Newsletters : tant que vous restez inscrit et consentez \u00e0 recevoir les emails<\/p><\/li><li data-start=\"3038\" data-end=\"3127\"><p data-start=\"3040\" data-end=\"3127\">Cookies et donn\u00e9es de navigation : maximum 13 mois, conform\u00e9ment \u00e0 la l\u00e9gislation<\/p><\/li><\/ul><hr data-start=\"3129\" data-end=\"3132\" \/><h2 data-start=\"3134\" data-end=\"3154\">7. Vos droits<\/h2><p data-start=\"3155\" data-end=\"3200\">Conform\u00e9ment au RGPD, vous pouvez exercer :<\/p><ol data-start=\"3201\" data-end=\"3707\"><li data-start=\"3201\" data-end=\"3258\"><p data-start=\"3204\" data-end=\"3258\">Droit d\u2019acc\u00e8s \u2013 obtenir une copie de vos donn\u00e9es<\/p><\/li><li data-start=\"3259\" data-end=\"3323\"><p data-start=\"3262\" data-end=\"3323\">Droit de rectification \u2013 corriger vos donn\u00e9es inexactes<\/p><\/li><li data-start=\"3324\" data-end=\"3392\"><p data-start=\"3327\" data-end=\"3392\">Droit d\u2019effacement \u2013 demander la suppression de vos donn\u00e9es<\/p><\/li><li data-start=\"3393\" data-end=\"3466\"><p data-start=\"3396\" data-end=\"3466\">Droit \u00e0 la limitation \u2013 restreindre le traitement de vos donn\u00e9es<\/p><\/li><li data-start=\"3467\" data-end=\"3548\"><p data-start=\"3470\" data-end=\"3548\">Droit d\u2019opposition \u2013 vous opposer au traitement pour certaines finalit\u00e9s<\/p><\/li><li data-start=\"3549\" data-end=\"3628\"><p data-start=\"3552\" data-end=\"3628\">Droit \u00e0 la portabilit\u00e9 \u2013 recevoir vos donn\u00e9es dans un format structur\u00e9<\/p><\/li><li data-start=\"3629\" data-end=\"3707\"><p data-start=\"3632\" data-end=\"3707\">Droit de retirer votre consentement \u2013 pour les newsletters et cookies<\/p><\/li><\/ol><p data-start=\"3709\" data-end=\"3771\">Toute demande peut \u00eatre adress\u00e9e \u00e0 :<br data-start=\"3745\" data-end=\"3748\" \/>\ud83d\udce7 <a class=\"decorated-link cursor-pointer\" rel=\"noopener\" data-start=\"3751\" data-end=\"3769\">contact@snakkar.fr<\/a><\/p><hr data-start=\"3773\" data-end=\"3776\" \/><h2 data-start=\"3778\" data-end=\"3796\">8. S\u00e9curit\u00e9<\/h2><p data-start=\"3797\" data-end=\"3900\">Nous mettons en place des mesures techniques et organisationnelles pour prot\u00e9ger vos donn\u00e9es contre :<\/p><ul data-start=\"3901\" data-end=\"3972\"><li data-start=\"3901\" data-end=\"3923\"><p data-start=\"3903\" data-end=\"3923\">acc\u00e8s non autoris\u00e9<\/p><\/li><li data-start=\"3924\" data-end=\"3940\"><p data-start=\"3926\" data-end=\"3940\">modification<\/p><\/li><li data-start=\"3941\" data-end=\"3956\"><p data-start=\"3943\" data-end=\"3956\">divulgation<\/p><\/li><li data-start=\"3957\" data-end=\"3972\"><p data-start=\"3959\" data-end=\"3972\">suppression<\/p><\/li><\/ul><p data-start=\"3974\" data-end=\"4069\">Cependant, aucune transmission de donn\u00e9es sur internet ne peut \u00eatre garantie 100 % s\u00e9curis\u00e9e.<\/p><hr data-start=\"4071\" data-end=\"4074\" \/><h2 data-start=\"4076\" data-end=\"4093\">9. Cookies<\/h2><p data-start=\"4094\" data-end=\"4242\">Pour plus d\u2019informations sur les cookies et leur gestion, consultez notre Politique de Cookies :<br data-start=\"4194\" data-end=\"4197\" \/>\u27a1\ufe0f <a class=\"decorated-link\" href=\"https:\/\/snakkar.fr\/en\/politique-de-cookies\/\" target=\"_new\" rel=\"noopener\" data-start=\"4200\" data-end=\"4240\">https:\/\/snakkar.fr\/politique-de-cookies\/<\/a><\/p><hr data-start=\"4244\" data-end=\"4247\" \/><h2 data-start=\"4249\" data-end=\"4271\">10. Newsletters<\/h2><ul data-start=\"4272\" data-end=\"4492\"><li data-start=\"4272\" data-end=\"4364\"><p data-start=\"4274\" data-end=\"4364\">Les newsletters sont envoy\u00e9es uniquement aux utilisateurs ayant donn\u00e9 leur consentement.<\/p><\/li><li data-start=\"4365\" data-end=\"4409\"><p data-start=\"4367\" data-end=\"4409\">Aucun prestataire externe n\u2019est utilis\u00e9.<\/p><\/li><li data-start=\"4410\" data-end=\"4492\"><p data-start=\"4412\" data-end=\"4492\">Vous pouvez vous d\u00e9sinscrire \u00e0 tout moment via le lien inclus dans les emails.<\/p><\/li><\/ul><hr data-start=\"4494\" data-end=\"4497\" \/><h2 data-start=\"4499\" data-end=\"4523\">11. Accessibilit\u00e9<\/h2><p data-start=\"4524\" data-end=\"4762\">Snakkar Formations a fait des efforts substantiels pour se conformer aux normes europ\u00e9ennes d\u2019accessibilit\u00e9 num\u00e9rique.<br data-start=\"4642\" data-end=\"4645\" \/>Toutefois, nous ne pouvons \u00eatre tenus responsables des probl\u00e8mes individuels d\u2019acc\u00e8s ou de compatibilit\u00e9 technique.<\/p><hr data-start=\"4764\" data-end=\"4767\" \/><h2 data-start=\"4769\" data-end=\"4793\">12. Modifications<\/h2><p data-start=\"4794\" data-end=\"4972\">La pr\u00e9sente Politique de Confidentialit\u00e9 peut \u00eatre mise \u00e0 jour pour rester conforme aux \u00e9volutions l\u00e9gales et techniques.<br data-start=\"4915\" data-end=\"4918\" \/>La version applicable est celle publi\u00e9e sur le site.<\/p><hr data-start=\"4974\" data-end=\"4977\" \/><h2 data-start=\"4979\" data-end=\"4997\">13. Contact<\/h2><p data-start=\"4998\" data-end=\"5080\">Pour toute question sur vos donn\u00e9es ou cette politique :<br data-start=\"5054\" data-end=\"5057\" \/>\ud83d\udce7 <a class=\"decorated-link cursor-pointer\" href=\"mailto:contact@snakkar.fr\" rel=\"noopener\" data-start=\"5060\" data-end=\"5078\">contact@snakkar.fr<\/a><\/p>\t\t\t\t\t\t\t\t<\/div>\n\t\t\t\t\t<\/div>\n\t\t\t\t<\/div>\n\t\t\t\t<\/div>","protected":false},"excerpt":{"rendered":"<p>Politique de confidentialit\u00e9 Confidentialit\u00e9 &amp; Protection. Vos donn\u00e9es s\u00e9curis\u00e9es et respect\u00e9es pour un apprentissage en toute confiance. Derni\u00e8re mise \u00e0 jour : 14\/01\/2026 La pr\u00e9sente politique d\u00e9crit comment Snakkar Formations collecte, utilise et prot\u00e8ge vos donn\u00e9es personnelles sur le site et la plateforme d\u2019apprentissage. Snakkar Formations135 avenue du 24 avril 1915, 13012 Marseille, FranceEmail : [&hellip;]<\/p>\n","protected":false},"author":5,"featured_media":0,"parent":0,"menu_order":0,"comment_status":"closed","ping_status":"closed","template":"","meta":{"_seopress_robots_primary_cat":"","_seopress_titles_title":"","_seopress_titles_desc":"","_seopress_robots_index":"","footnotes":""},"class_list":["post-14108","page","type-page","status-publish","hentry"],"_links":{"self":[{"href":"https:\/\/snakkar.fr\/en\/wp-json\/wp\/v2\/pages\/14108","targetHints":{"allow":["GET"]}}],"collection":[{"href":"https:\/\/snakkar.fr\/en\/wp-json\/wp\/v2\/pages"}],"about":[{"href":"https:\/\/snakkar.fr\/en\/wp-json\/wp\/v2\/types\/page"}],"author":[{"embeddable":true,"href":"https:\/\/snakkar.fr\/en\/wp-json\/wp\/v2\/users\/5"}],"replies":[{"embeddable":true,"href":"https:\/\/snakkar.fr\/en\/wp-json\/wp\/v2\/comments?post=14108"}],"version-history":[{"count":4,"href":"https:\/\/snakkar.fr\/en\/wp-json\/wp\/v2\/pages\/14108\/revisions"}],"predecessor-version":[{"id":15181,"href":"https:\/\/snakkar.fr\/en\/wp-json\/wp\/v2\/pages\/14108\/revisions\/15181"}],"wp:attachment":[{"href":"https:\/\/snakkar.fr\/en\/wp-json\/wp\/v2\/media?parent=14108"}],"curies":[{"name":"wp","href":"https:\/\/api.w.org\/{rel}","templated":true}]}}