{"id":14109,"date":"2025-12-17T20:28:16","date_gmt":"2025-12-17T19:28:16","guid":{"rendered":"https:\/\/snakkar.fr\/terms-conditions\/"},"modified":"2026-01-14T09:24:45","modified_gmt":"2026-01-14T08:24:45","slug":"terms-conditions","status":"publish","type":"page","link":"https:\/\/snakkar.fr\/en\/terms-conditions\/","title":{"rendered":"Terms &#038; Conditions"},"content":{"rendered":"<div data-elementor-type=\"wp-page\" data-elementor-id=\"14109\" class=\"elementor elementor-14109\" data-elementor-post-type=\"page\">\n\t\t\t\t<div class=\"elementor-element elementor-element-de9c4a9 e-flex e-con-boxed e-con e-parent\" data-id=\"de9c4a9\" data-element_type=\"container\" data-e-type=\"container\">\n\t\t\t\t\t<div class=\"e-con-inner\">\n\t\t<div class=\"elementor-element elementor-element-eb93a6e e-con-full e-flex e-con e-child\" data-id=\"eb93a6e\" data-element_type=\"container\" data-e-type=\"container\">\n\t\t\t\t<div class=\"elementor-element elementor-element-6e7196b elementor-widget elementor-widget-heading\" data-id=\"6e7196b\" data-element_type=\"widget\" data-e-type=\"widget\" data-widget_type=\"heading.default\">\n\t\t\t\t\t<div class=\"elementor-heading-title elementor-size-default\">Conditions g\u00e9n\u00e9rales<\/div>\t\t\t\t<\/div>\n\t\t\t\t<div class=\"elementor-element elementor-element-c349ee8 elementor-widget elementor-widget-heading\" data-id=\"c349ee8\" data-element_type=\"widget\" data-e-type=\"widget\" data-widget_type=\"heading.default\">\n\t\t\t\t\t<h2 class=\"elementor-heading-title elementor-size-default\">Conditions &amp; \n<span style=\"font-style: italic\">Engagements.<\/span><\/h2>\t\t\t\t<\/div>\n\t\t\t\t<div class=\"elementor-element elementor-element-c5308ad elementor-widget__width-initial elementor-widget elementor-widget-text-editor\" data-id=\"c5308ad\" data-element_type=\"widget\" data-e-type=\"widget\" data-widget_type=\"text-editor.default\">\n\t\t\t\t\t\t\t\t\t<p data-start=\"168\" data-end=\"274\">Une plateforme claire, fiable et transparente pour un apprentissage serein.<\/p>\t\t\t\t\t\t\t\t<\/div>\n\t\t\t\t<\/div>\n\t\t\t\t\t<\/div>\n\t\t\t\t<\/div>\n\t\t<div class=\"elementor-element elementor-element-ee56f80 e-flex e-con-boxed e-con e-parent\" data-id=\"ee56f80\" data-element_type=\"container\" data-e-type=\"container\">\n\t\t\t\t\t<div class=\"e-con-inner\">\n\t\t\t\t<div class=\"elementor-element elementor-element-1fcf88c elementor-widget elementor-widget-text-editor\" data-id=\"1fcf88c\" data-element_type=\"widget\" data-e-type=\"widget\" data-widget_type=\"text-editor.default\">\n\t\t\t\t\t\t\t\t\t<p data-start=\"544\" data-end=\"942\">Snakkar Formations<br data-start=\"566\" data-end=\"569\" \/>Soci\u00e9t\u00e9 constitu\u00e9e en France \u2013 Registre No. 89777509400039<br data-start=\"631\" data-end=\"634\" \/>Si\u00e8ge social : 135 avenue du 24 avril 1915, 13012 Marseille, France<br data-start=\"705\" data-end=\"708\" \/>TVA intracommunautaire : FR14897775094<br data-start=\"750\" data-end=\"753\" \/>Email : <a class=\"decorated-link cursor-pointer\" href=\"mailto:contact@snakkar.fr\" rel=\"noopener\" data-start=\"763\" data-end=\"781\">contact@snakkar.fr<\/a> \u2013 T\u00e9l\u00e9phone : +33 6 69 53 48 71<br data-start=\"819\" data-end=\"822\" \/>Autoris\u00e9 par l\u2019autorit\u00e9 fran\u00e7aise comp\u00e9tente conform\u00e9ment \u00e0 la l\u00e9gislation applicable.<br data-start=\"908\" data-end=\"911\" \/>Licence No : FR-14897775094<\/p><p data-start=\"944\" data-end=\"1041\">Plateforme de r\u00e9solution des litiges de la Commission europ\u00e9enne :<br data-start=\"1010\" data-end=\"1013\" \/><a class=\"decorated-link\" href=\"https:\/\/ec.europa.eu\/odr\" target=\"_new\" rel=\"noopener\" data-start=\"1015\" data-end=\"1039\">https:\/\/ec.europa.eu\/odr<\/a><\/p><hr data-start=\"1043\" data-end=\"1046\" \/><h2 data-start=\"1048\" data-end=\"1063\">1. Objet<\/h2><p data-start=\"1064\" data-end=\"1143\">Les pr\u00e9sentes Conditions G\u00e9n\u00e9rales de Vente et d\u2019Utilisation (CGVU) r\u00e9gissent :<\/p><ul data-start=\"1144\" data-end=\"1258\"><li data-start=\"1144\" data-end=\"1197\"><p data-start=\"1146\" data-end=\"1197\">l\u2019acc\u00e8s au site et \u00e0 la plateforme d\u2019apprentissage,<\/p><\/li><li data-start=\"1198\" data-end=\"1221\"><p data-start=\"1200\" data-end=\"1221\">l\u2019achat des services,<\/p><\/li><li data-start=\"1222\" data-end=\"1258\"><p data-start=\"1224\" data-end=\"1258\">l\u2019acc\u00e8s aux contenus p\u00e9dagogiques,<\/p><\/li><\/ul><p data-start=\"1260\" data-end=\"1325\">par l\u2019utilisateur (ci-apr\u00e8s \u00ab l\u2019Utilisateur \u00bb ou \u00ab l\u2019\u00c9tudiant \u00bb).<\/p><p data-start=\"1327\" data-end=\"1416\">Toute commande implique l\u2019acceptation pleine, enti\u00e8re et sans r\u00e9serve des pr\u00e9sentes CGVU.<\/p><hr data-start=\"1418\" data-end=\"1421\" \/><h2 data-start=\"1423\" data-end=\"1450\">2. Services propos\u00e9s<\/h2><p data-start=\"1451\" data-end=\"1528\">Snakkar Formations propose exclusivement des services de formation en ligne :<\/p><ul data-start=\"1530\" data-end=\"1836\"><li data-start=\"1530\" data-end=\"1574\"><p data-start=\"1532\" data-end=\"1574\">Cours en ligne (formations \u00e0 distance)<\/p><\/li><li data-start=\"1575\" data-end=\"1645\"><p data-start=\"1577\" data-end=\"1645\">Le\u00e7ons priv\u00e9es, r\u00e9serv\u00e9es en ligne et dispens\u00e9es via Google Meet<\/p><\/li><li data-start=\"1646\" data-end=\"1721\"><p data-start=\"1648\" data-end=\"1721\">Classes collectives, r\u00e9serv\u00e9es en ligne et dispens\u00e9es via Google Meet<\/p><\/li><li data-start=\"1722\" data-end=\"1780\"><p data-start=\"1724\" data-end=\"1780\">Acc\u00e8s \u00e0 une messagerie interne \u00c9tudiant \u2192 Enseignant<\/p><\/li><li data-start=\"1781\" data-end=\"1836\"><p data-start=\"1783\" data-end=\"1836\">Acc\u00e8s \u00e0 des supports p\u00e9dagogiques t\u00e9l\u00e9chargeables<\/p><\/li><\/ul><p data-start=\"1838\" data-end=\"1923\">Aucun abonnement payant n\u2019est propos\u00e9.<br data-start=\"1876\" data-end=\"1879\" \/>Chaque achat concerne un service unique.<\/p><hr data-start=\"1925\" data-end=\"1928\" \/><h2 data-start=\"1930\" data-end=\"1958\">3. Compte utilisateur<\/h2><h3 data-start=\"1959\" data-end=\"1986\">3.1. Cr\u00e9ation de compte<\/h3><p data-start=\"1987\" data-end=\"2089\">La cr\u00e9ation du compte utilisateur est r\u00e9alis\u00e9e uniquement lors d\u2019un achat et est n\u00e9cessaire pour :<\/p><ul data-start=\"2090\" data-end=\"2241\"><li data-start=\"2090\" data-end=\"2121\"><p data-start=\"2092\" data-end=\"2121\">acc\u00e9der aux contenus achet\u00e9s,<\/p><\/li><li data-start=\"2122\" data-end=\"2174\"><p data-start=\"2124\" data-end=\"2174\">recevoir informations et invitations aux sessions,<\/p><\/li><li data-start=\"2175\" data-end=\"2215\"><p data-start=\"2177\" data-end=\"2215\">t\u00e9l\u00e9charger les supports p\u00e9dagogiques,<\/p><\/li><li data-start=\"2216\" data-end=\"2241\"><p data-start=\"2218\" data-end=\"2241\">utiliser la messagerie.<\/p><\/li><\/ul><h3 data-start=\"2243\" data-end=\"2273\">3.2. Informations fournies<\/h3><p data-start=\"2274\" data-end=\"2342\">L\u2019Utilisateur s\u2019engage \u00e0 fournir des informations exactes et \u00e0 jour.<\/p><h3 data-start=\"2344\" data-end=\"2371\">3.3. S\u00e9curit\u00e9 du compte<\/h3><p data-start=\"2372\" data-end=\"2403\">L\u2019Utilisateur est responsable :<\/p><ul data-start=\"2404\" data-end=\"2492\"><li data-start=\"2404\" data-end=\"2448\"><p data-start=\"2406\" data-end=\"2448\">de la confidentialit\u00e9 de ses identifiants,<\/p><\/li><li data-start=\"2449\" data-end=\"2492\"><p data-start=\"2451\" data-end=\"2492\">des actions effectu\u00e9es depuis son compte.<\/p><\/li><\/ul><p data-start=\"2494\" data-end=\"2611\">Snakkar Formations peut suspendre ou supprimer un compte en cas de fraude, comportement abusif ou violation des CGVU.<\/p><hr data-start=\"2613\" data-end=\"2616\" \/><h2 data-start=\"2618\" data-end=\"2659\">4. Commandes et acc\u00e8s aux services<\/h2><h3 data-start=\"2660\" data-end=\"2690\">4.1. Proc\u00e9dure de commande<\/h3><p data-start=\"2691\" data-end=\"2744\">Les commandes sont effectu\u00e9es exclusivement en ligne.<\/p><h3 data-start=\"2746\" data-end=\"2763\">4.2. Paiement<\/h3><p data-start=\"2764\" data-end=\"2838\">Le paiement est effectu\u00e9 via Stripe, prestataire s\u00e9curis\u00e9 de paiement.<\/p><p data-start=\"2840\" data-end=\"2937\">La commande est confirm\u00e9e apr\u00e8s validation du paiement.<br data-start=\"2895\" data-end=\"2898\" \/>Une confirmation est envoy\u00e9e par email.<\/p><h3 data-start=\"2939\" data-end=\"2957\">4.3. Ex\u00e9cution<\/h3><p data-start=\"2958\" data-end=\"2985\">Les services sont fournis :<\/p><ul data-start=\"2986\" data-end=\"3093\"><li data-start=\"2986\" data-end=\"3036\"><p data-start=\"2988\" data-end=\"3036\">en ligne via Google Meet pour le\u00e7ons et classes,<\/p><\/li><li data-start=\"3037\" data-end=\"3093\"><p data-start=\"3039\" data-end=\"3093\">via la plateforme pour cours et supports p\u00e9dagogiques.<\/p><\/li><\/ul><p data-start=\"3095\" data-end=\"3137\">Snakkar Formations n\u2019est pas responsable :<\/p><ul data-start=\"3138\" data-end=\"3277\"><li data-start=\"3138\" data-end=\"3196\"><p data-start=\"3140\" data-end=\"3196\">des d\u00e9faillances de connexion internet de l\u2019Utilisateur,<\/p><\/li><li data-start=\"3197\" data-end=\"3223\"><p data-start=\"3199\" data-end=\"3223\">du mat\u00e9riel insuffisant,<\/p><\/li><li data-start=\"3224\" data-end=\"3277\"><p data-start=\"3226\" data-end=\"3277\">des probl\u00e8mes li\u00e9s \u00e0 Google Meet ou services tiers.<\/p><\/li><\/ul><hr data-start=\"3279\" data-end=\"3282\" \/><h2 data-start=\"3284\" data-end=\"3300\">5. Tarifs<\/h2><p data-start=\"3301\" data-end=\"3325\">Les prix sont indiqu\u00e9s :<\/p><ul data-start=\"3326\" data-end=\"3367\"><li data-start=\"3326\" data-end=\"3341\"><p data-start=\"3328\" data-end=\"3341\">en euros (\u20ac),<\/p><\/li><li data-start=\"3342\" data-end=\"3367\"><p data-start=\"3344\" data-end=\"3367\">toutes taxes comprises.<\/p><\/li><\/ul><p data-start=\"3369\" data-end=\"3454\">Ils peuvent \u00eatre modifi\u00e9s \u00e0 tout moment, sans impact sur les commandes d\u00e9j\u00e0 valid\u00e9es.<\/p><hr data-start=\"3456\" data-end=\"3459\" \/><h2 data-start=\"3461\" data-end=\"3510\">6. Droit de r\u00e9tractation et remboursements<\/h2><p data-start=\"3511\" data-end=\"3630\">Les conditions de remboursement sont d\u00e9finies dans notre politique d\u00e9di\u00e9e :<br data-start=\"3586\" data-end=\"3589\" \/>\u27a1\ufe0f <a class=\"decorated-link\" href=\"https:\/\/snakkar.fr\/en\/remboursements\/\" target=\"_new\" rel=\"noopener\" data-start=\"3594\" data-end=\"3628\">https:\/\/snakkar.fr\/remboursements\/<\/a><\/p><h3 data-start=\"3632\" data-end=\"3662\">6.1. Droit de r\u00e9tractation<\/h3><p data-start=\"3663\" data-end=\"3744\">Conform\u00e9ment au droit europ\u00e9en de la consommation et au Code de la consommation :<\/p><p data-start=\"3746\" data-end=\"3816\">Le droit de r\u00e9tractation ne s\u2019applique pas dans les cas suivants :<\/p><ul data-start=\"3817\" data-end=\"4046\"><li data-start=\"3817\" data-end=\"3922\"><p data-start=\"3819\" data-end=\"3922\">acc\u00e8s imm\u00e9diat \u00e0 des contenus num\u00e9riques apr\u00e8s achat et renonciation expresse au droit de r\u00e9tractation,<\/p><\/li><li data-start=\"3923\" data-end=\"3993\"><p data-start=\"3925\" data-end=\"3993\">d\u00e9but de prestation avant les 14 jours avec accord de l\u2019Utilisateur,<\/p><\/li><li data-start=\"3994\" data-end=\"4046\"><p data-start=\"3996\" data-end=\"4046\">session d\u00e9j\u00e0 r\u00e9alis\u00e9e totalement ou partiellement.<\/p><\/li><\/ul><h3 data-start=\"4048\" data-end=\"4078\">6.2. Proc\u00e9dure obligatoire<\/h3><p data-start=\"4079\" data-end=\"4228\">Toute demande de remboursement doit \u00eatre effectu\u00e9e exclusivement via le formulaire obligatoire pr\u00e9sent sur la page de politique de remboursement.<\/p><p data-start=\"4230\" data-end=\"4297\">Aucune demande par email, t\u00e9l\u00e9phone ou autre moyen ne sera trait\u00e9e.<\/p><hr data-start=\"4299\" data-end=\"4302\" \/><h2 data-start=\"4304\" data-end=\"4332\">7. Messagerie interne<\/h2><ul data-start=\"4333\" data-end=\"4549\"><li data-start=\"4333\" data-end=\"4393\"><p data-start=\"4335\" data-end=\"4393\">Messagerie disponible exclusivement \u00c9tudiant \u2192 Enseignant.<\/p><\/li><li data-start=\"4394\" data-end=\"4475\"><p data-start=\"4396\" data-end=\"4475\">Interdiction des propos injurieux, discriminatoires, publicitaires ou ill\u00e9gaux.<\/p><\/li><li data-start=\"4476\" data-end=\"4549\"><p data-start=\"4478\" data-end=\"4549\">Snakkar Formations peut restreindre ou supprimer l\u2019acc\u00e8s en cas d\u2019abus.<\/p><\/li><\/ul><hr data-start=\"4551\" data-end=\"4554\" \/><h2 data-start=\"4556\" data-end=\"4615\">8. Supports p\u00e9dagogiques et propri\u00e9t\u00e9 intellectuelle<\/h2><p data-start=\"4616\" data-end=\"4648\">Tous les contenus p\u00e9dagogiques :<\/p><ul data-start=\"4649\" data-end=\"4736\"><li data-start=\"4649\" data-end=\"4658\"><p data-start=\"4651\" data-end=\"4658\">textes,<\/p><\/li><li data-start=\"4659\" data-end=\"4668\"><p data-start=\"4661\" data-end=\"4668\">vid\u00e9os,<\/p><\/li><li data-start=\"4669\" data-end=\"4681\"><p data-start=\"4671\" data-end=\"4681\">documents,<\/p><\/li><li data-start=\"4682\" data-end=\"4709\"><p data-start=\"4684\" data-end=\"4709\">supports t\u00e9l\u00e9chargeables,<\/p><\/li><li data-start=\"4710\" data-end=\"4736\"><p data-start=\"4712\" data-end=\"4736\">ressources p\u00e9dagogiques,<\/p><\/li><\/ul><p data-start=\"4738\" data-end=\"4774\">sont prot\u00e9g\u00e9s par le droit d\u2019auteur.<\/p><p data-start=\"4776\" data-end=\"4840\">Utilisation autoris\u00e9e uniquement \u00e0 titre personnel et priv\u00e9.<\/p><p data-start=\"4842\" data-end=\"4859\">Interdiction de :<\/p><ul data-start=\"4860\" data-end=\"4914\"><li data-start=\"4860\" data-end=\"4869\"><p data-start=\"4862\" data-end=\"4869\">copier,<\/p><\/li><li data-start=\"4870\" data-end=\"4881\"><p data-start=\"4872\" data-end=\"4881\">partager,<\/p><\/li><li data-start=\"4882\" data-end=\"4891\"><p data-start=\"4884\" data-end=\"4891\">vendre,<\/p><\/li><li data-start=\"4892\" data-end=\"4902\"><p data-start=\"4894\" data-end=\"4902\">publier,<\/p><\/li><li data-start=\"4903\" data-end=\"4914\"><p data-start=\"4905\" data-end=\"4914\">diffuser.<\/p><\/li><\/ul><p data-start=\"4916\" data-end=\"4981\">Toute violation peut entra\u00eener suppression d\u2019acc\u00e8s et poursuites.<\/p><hr data-start=\"4983\" data-end=\"4986\" \/><h2 data-start=\"4988\" data-end=\"5008\">9. Newsletter<\/h2><p data-start=\"5009\" data-end=\"5052\">Snakkar Formations propose une newsletter :<\/p><ul data-start=\"5053\" data-end=\"5206\"><li data-start=\"5053\" data-end=\"5097\"><p data-start=\"5055\" data-end=\"5097\">sans utilisation de service tiers externe,<\/p><\/li><li data-start=\"5098\" data-end=\"5132\"><p data-start=\"5100\" data-end=\"5132\">envoy\u00e9e uniquement aux inscrits,<\/p><\/li><li data-start=\"5133\" data-end=\"5206\"><p data-start=\"5135\" data-end=\"5206\">d\u00e9sinscription possible \u00e0 tout moment via lien pr\u00e9sent dans les emails.<\/p><\/li><\/ul><hr data-start=\"5208\" data-end=\"5211\" \/><h2 data-start=\"5213\" data-end=\"5237\">10. Accessibilit\u00e9<\/h2><p data-start=\"5238\" data-end=\"5388\">Snakkar Formations a mis en \u0153uvre des efforts substantiels afin de respecter les normes d\u2019accessibilit\u00e9 num\u00e9rique applicables dans l\u2019Union europ\u00e9enne.<\/p><p data-start=\"5390\" data-end=\"5476\">Toutefois, malgr\u00e9 ces efforts, Snakkar Formations ne peut \u00eatre tenue responsable :<\/p><ul data-start=\"5477\" data-end=\"5622\"><li data-start=\"5477\" data-end=\"5528\"><p data-start=\"5479\" data-end=\"5528\">d\u2019\u00e9ventuels probl\u00e8mes d\u2019accessibilit\u00e9 rencontr\u00e9s,<\/p><\/li><li data-start=\"5529\" data-end=\"5576\"><p data-start=\"5531\" data-end=\"5576\">d\u2019incompatibilit\u00e9s techniques ou mat\u00e9rielles,<\/p><\/li><li data-start=\"5577\" data-end=\"5622\"><p data-start=\"5579\" data-end=\"5622\">de difficult\u00e9s individuelles d\u2019utilisation.<\/p><\/li><\/ul><hr data-start=\"5624\" data-end=\"5627\" \/><h2 data-start=\"5629\" data-end=\"5660\">11. S\u00e9curit\u00e9 \u2013 reCAPTCHA<\/h2><p data-start=\"5661\" data-end=\"5763\">Les formulaires du site utilisent Google reCAPTCHA pour la protection contre les abus automatis\u00e9s.<\/p><p data-start=\"5765\" data-end=\"5829\">L\u2019utilisation de reCAPTCHA est soumise aux politiques de Google.<\/p><hr data-start=\"5831\" data-end=\"5834\" \/><h2 data-start=\"5836\" data-end=\"5876\">12. Protection des donn\u00e9es \u2013 RGPD<\/h2><p data-start=\"5877\" data-end=\"5999\">La politique de confidentialit\u00e9 et traitement des donn\u00e9es est disponible ici :<br data-start=\"5955\" data-end=\"5958\" \/>\u27a1\ufe0f <a class=\"decorated-link\" href=\"https:\/\/snakkar.fr\/en\/privacy-policy\/\" target=\"_new\" rel=\"noopener\" data-start=\"5963\" data-end=\"5997\">https:\/\/snakkar.fr\/privacy-policy\/<\/a><\/p><p data-start=\"6001\" data-end=\"6095\">La politique de cookies est disponible ici :<br data-start=\"6045\" data-end=\"6048\" \/>\u27a1\ufe0f <a class=\"decorated-link\" href=\"https:\/\/snakkar.fr\/en\/politique-de-cookies\/\" target=\"_new\" rel=\"noopener\" data-start=\"6053\" data-end=\"6093\">https:\/\/snakkar.fr\/politique-de-cookies\/<\/a><\/p><p data-start=\"6097\" data-end=\"6165\">L\u2019Utilisateur dispose des droits RGPD conform\u00e9ment \u00e0 la l\u00e9gislation.<\/p><hr data-start=\"6167\" data-end=\"6170\" \/><h2 data-start=\"6172\" data-end=\"6196\">13. Force majeure<\/h2><p data-start=\"6197\" data-end=\"6321\">Aucune responsabilit\u00e9 ne peut \u00eatre engag\u00e9e en cas d\u2019\u00e9v\u00e9nement impr\u00e9visible et irr\u00e9sistible emp\u00eachant l\u2019ex\u00e9cution du contrat.<\/p><hr data-start=\"6323\" data-end=\"6326\" \/><h2 data-start=\"6328\" data-end=\"6360\">14. Modification des CGVU<\/h2><p data-start=\"6361\" data-end=\"6480\">Snakkar Formations peut modifier les pr\u00e9sentes CGVU.<br data-start=\"6413\" data-end=\"6416\" \/>La version applicable est celle en vigueur au moment de l\u2019achat.<\/p><hr data-start=\"6482\" data-end=\"6485\" \/><h2 data-start=\"6487\" data-end=\"6529\">15. Droit applicable et juridiction<\/h2><p data-start=\"6530\" data-end=\"6593\">Les pr\u00e9sentes CGVU sont soumises au droit fran\u00e7ais et europ\u00e9en.<\/p><p data-start=\"6595\" data-end=\"6613\">En cas de litige :<\/p><ul data-start=\"6614\" data-end=\"6792\"><li data-start=\"6614\" data-end=\"6656\"><p data-start=\"6616\" data-end=\"6656\">une r\u00e9solution amiable sera privil\u00e9gi\u00e9e,<\/p><\/li><li data-start=\"6657\" data-end=\"6792\"><p data-start=\"6659\" data-end=\"6792\">possibilit\u00e9 de recours \u00e0 la plateforme europ\u00e9enne : <a class=\"decorated-link\" href=\"https:\/\/ec.europa.eu\/odr\" target=\"_new\" rel=\"noopener\" data-start=\"6711\" data-end=\"6735\">https:\/\/ec.europa.eu\/odr<\/a><br data-start=\"6735\" data-end=\"6738\" \/>\u00c0 d\u00e9faut, comp\u00e9tence exclusive des tribunaux fran\u00e7ais.<\/p><\/li><\/ul><hr data-start=\"6794\" data-end=\"6797\" \/><h2 data-start=\"6799\" data-end=\"6821\">16. Acceptation<\/h2><p data-start=\"6822\" data-end=\"6939\">En passant commande, l\u2019Utilisateur reconna\u00eet avoir lu, compris et accept\u00e9 les pr\u00e9sentes CGVU et politiques associ\u00e9es.<\/p>\t\t\t\t\t\t\t\t<\/div>\n\t\t\t\t\t<\/div>\n\t\t\t\t<\/div>\n\t\t\t\t<\/div>","protected":false},"excerpt":{"rendered":"<p>Conditions g\u00e9n\u00e9rales Conditions &amp; Engagements. Une plateforme claire, fiable et transparente pour un apprentissage serein. Snakkar FormationsSoci\u00e9t\u00e9 constitu\u00e9e en France \u2013 Registre No. 89777509400039Si\u00e8ge social : 135 avenue du 24 avril 1915, 13012 Marseille, FranceTVA intracommunautaire : FR14897775094Email : contact@snakkar.fr \u2013 T\u00e9l\u00e9phone : +33 6 69 53 48 71Autoris\u00e9 par l\u2019autorit\u00e9 fran\u00e7aise comp\u00e9tente conform\u00e9ment \u00e0 [&hellip;]<\/p>\n","protected":false},"author":5,"featured_media":0,"parent":0,"menu_order":0,"comment_status":"closed","ping_status":"closed","template":"","meta":{"_seopress_robots_primary_cat":"","_seopress_titles_title":"","_seopress_titles_desc":"","_seopress_robots_index":"","footnotes":""},"class_list":["post-14109","page","type-page","status-publish","hentry"],"_links":{"self":[{"href":"https:\/\/snakkar.fr\/en\/wp-json\/wp\/v2\/pages\/14109","targetHints":{"allow":["GET"]}}],"collection":[{"href":"https:\/\/snakkar.fr\/en\/wp-json\/wp\/v2\/pages"}],"about":[{"href":"https:\/\/snakkar.fr\/en\/wp-json\/wp\/v2\/types\/page"}],"author":[{"embeddable":true,"href":"https:\/\/snakkar.fr\/en\/wp-json\/wp\/v2\/users\/5"}],"replies":[{"embeddable":true,"href":"https:\/\/snakkar.fr\/en\/wp-json\/wp\/v2\/comments?post=14109"}],"version-history":[{"count":3,"href":"https:\/\/snakkar.fr\/en\/wp-json\/wp\/v2\/pages\/14109\/revisions"}],"predecessor-version":[{"id":15146,"href":"https:\/\/snakkar.fr\/en\/wp-json\/wp\/v2\/pages\/14109\/revisions\/15146"}],"wp:attachment":[{"href":"https:\/\/snakkar.fr\/en\/wp-json\/wp\/v2\/media?parent=14109"}],"curies":[{"name":"wp","href":"https:\/\/api.w.org\/{rel}","templated":true}]}}