{"id":14927,"date":"2026-01-12T14:39:07","date_gmt":"2026-01-12T13:39:07","guid":{"rendered":"https:\/\/snakkar.fr\/?page_id=14927"},"modified":"2026-01-12T14:45:56","modified_gmt":"2026-01-12T13:45:56","slug":"parcours","status":"publish","type":"page","link":"https:\/\/snakkar.fr\/en\/parcours\/","title":{"rendered":"Parcours"},"content":{"rendered":"<div data-elementor-type=\"wp-page\" data-elementor-id=\"14927\" class=\"elementor elementor-14927\" data-elementor-post-type=\"page\">\n\t\t\t\t<div class=\"elementor-element elementor-element-12ee5ba e-flex e-con-boxed e-con e-parent\" data-id=\"12ee5ba\" data-element_type=\"container\" data-e-type=\"container\">\n\t\t\t\t\t<div class=\"e-con-inner\">\n\t\t<div class=\"elementor-element elementor-element-f247737 e-con-full e-flex e-con e-child\" data-id=\"f247737\" data-element_type=\"container\" data-e-type=\"container\">\n\t\t\t\t<div class=\"elementor-element elementor-element-a4701a8 elementor-widget elementor-widget-heading\" data-id=\"a4701a8\" data-element_type=\"widget\" data-e-type=\"widget\" data-widget_type=\"heading.default\">\n\t\t\t\t\t<div class=\"elementor-heading-title elementor-size-default\">Parcours en direct<\/div>\t\t\t\t<\/div>\n\t\t\t\t<div class=\"elementor-element elementor-element-20db64e elementor-widget elementor-widget-heading\" data-id=\"20db64e\" data-element_type=\"widget\" data-e-type=\"widget\" data-widget_type=\"heading.default\">\n\t\t\t\t\t<h2 class=\"elementor-heading-title elementor-size-default\">Des parcours d\u2019apprentissage progressifs et <span style=\"font-style: italic\">structur\u00e9s.<\/span><\/h2>\t\t\t\t<\/div>\n\t\t\t\t<div class=\"elementor-element elementor-element-e6d7fac elementor-widget__width-initial elementor-widget elementor-widget-text-editor\" data-id=\"e6d7fac\" data-element_type=\"widget\" data-e-type=\"widget\" data-widget_type=\"text-editor.default\">\n\t\t\t\t\t\t\t\t\t<p>Atteignez vos objectifs linguistiques gr\u00e2ce \u00e0 nos parcours de formation modernes, humains et personnalis\u00e9s.<\/p>\t\t\t\t\t\t\t\t<\/div>\n\t\t\t\t<\/div>\n\t\t\t\t\t<\/div>\n\t\t\t\t<\/div>\n\t\t<div class=\"elementor-element elementor-element-d4481cb e-flex e-con-boxed e-con e-parent\" data-id=\"d4481cb\" data-element_type=\"container\" data-e-type=\"container\">\n\t\t\t\t\t<div class=\"e-con-inner\">\n\t\t\t\t<div class=\"ts-post-feed--standalone elementor-element elementor-element-bfcc023 elementor-widget elementor-widget-ts-post-feed\" data-ts-config=\"{&quot;filters&quot;:{&quot;type&quot;:&quot;class&quot;,&quot;switcher&quot;:1,&quot;pg&quot;:1,&quot;limit&quot;:9,&quot;__offset&quot;:0,&quot;__exclude&quot;:&quot;&quot;},&quot;pagination&quot;:&quot;prev_next&quot;}\" data-id=\"bfcc023\" data-element_type=\"widget\" data-e-type=\"widget\" data-widget_type=\"ts-post-feed.default\">\n\t\t\t\t\t<link rel='stylesheet' id='vx:post-feed.css-css' href='https:\/\/snakkar.fr\/wp-content\/themes\/voxel\/assets\/dist\/post-feed.css?ver=1.7.6' type='text\/css' media='all' \/>\n\n\n<div\n\tclass=\"post-feed-grid ts-feed-grid-default \t\tvx-opacity\"\n\tdata-auto-slide=\"0\"\n>\n\n\t\n\t<div class=\"ts-preview\" data-post-id=\"15264\">\t\t<div data-elementor-type=\"page\" data-elementor-id=\"14235\" class=\"elementor elementor-14235\" data-elementor-post-type=\"elementor_library\">\n\t\t\t\t<div class=\"elementor-element elementor-element-25c0196 e-flex e-con-boxed e-con e-parent\" data-id=\"25c0196\" data-element_type=\"container\" data-e-type=\"container\">\n\t\t\t\t\t<div class=\"e-con-inner\">\n\t\t<a class=\"elementor-element elementor-element-31a6249 e-con-full e-flex e-con e-child\" data-id=\"31a6249\" data-element_type=\"container\" data-e-type=\"container\" data-settings=\"{&quot;background_background&quot;:&quot;classic&quot;}\" href=\"https:\/\/snakkar.fr\/en\/class\/spring-toeic-camp-2026-3eme-session\/\">\n\t\t<div style=\"background-image: url(&#039;https:\/\/snakkar.fr\/wp-content\/uploads\/2025\/12\/69693.webp&#039;)\" class=\"elementor-element elementor-element-9bf4eb1 e-con-full featured-img e-flex e-con e-child\" data-id=\"9bf4eb1\" data-element_type=\"container\" data-e-type=\"container\" data-settings=\"{&quot;background_background&quot;:&quot;classic&quot;}\">\n\t\t\t\t<\/div>\n\t\t<div class=\"elementor-element elementor-element-9b8c7a6 e-con-full e-flex e-con e-child\" data-id=\"9b8c7a6\" data-element_type=\"container\" data-e-type=\"container\">\n\t\t<div class=\"elementor-element elementor-element-cd363b9 e-con-full e-flex e-con e-child\" data-id=\"cd363b9\" data-element_type=\"container\" data-e-type=\"container\">\n\t\t\t\t<div class=\"elementor-element elementor-element-462bc22 elementor-widget elementor-widget-heading\" data-id=\"462bc22\" data-element_type=\"widget\" data-e-type=\"widget\" data-widget_type=\"heading.default\">\n\t\t\t\t\t<div class=\"elementor-heading-title elementor-size-default\">2026-04-27<\/div>\t\t\t\t<\/div>\n\t\t\t\t<div class=\"elementor-element elementor-element-3786b9e elementor-widget elementor-widget-heading\" data-id=\"3786b9e\" data-element_type=\"widget\" data-e-type=\"widget\" data-widget_type=\"heading.default\">\n\t\t\t\t\t<div class=\"elementor-heading-title elementor-size-default\">Parcours<\/div>\t\t\t\t<\/div>\n\t\t\t\t<\/div>\n\t\t\t\t<div class=\"elementor-element elementor-element-034ccf1 elementor-widget elementor-widget-heading\" data-id=\"034ccf1\" data-element_type=\"widget\" data-e-type=\"widget\" data-widget_type=\"heading.default\">\n\t\t\t\t\t<h3 class=\"elementor-heading-title elementor-size-default\">SPRING TOEIC CAMP 2026 - 3\u00e8me session<\/h3>\t\t\t\t<\/div>\n\t\t\t\t<div class=\"elementor-element elementor-element-ecbe8d5 elementor-widget elementor-widget-text-editor\" data-id=\"ecbe8d5\" data-element_type=\"widget\" data-e-type=\"widget\" data-widget_type=\"text-editor.default\">\n\t\t\t\t\t\t\t\t\tProgramme intensif d\u2019un mois pour ma\u00eetriser la logique du TOEIC, progresser en anglais pro et automatiser les strat\u00e9gies du test gr\u00e2ce \u00e0 14 sessions guid\u00e9es et une p\u00e9dagogie claire et vivante.\t\t\t\t\t\t\t\t<\/div>\n\t\t<div class=\"elementor-element elementor-element-2c5c558 e-con-full e-flex e-con e-child\" data-id=\"2c5c558\" data-element_type=\"container\" data-e-type=\"container\" data-settings=\"{&quot;background_background&quot;:&quot;classic&quot;}\">\n\t\t<div class=\"elementor-element elementor-element-70dadb6 e-con-full e-flex e-con e-child\" data-id=\"70dadb6\" data-element_type=\"container\" data-e-type=\"container\">\n\t\t<div class=\"elementor-element elementor-element-5baf560 e-con-full avatar-1 e-flex e-con e-child\" data-id=\"5baf560\" data-element_type=\"container\" data-e-type=\"container\">\n\t\t\t\t<div class=\"elementor-element elementor-element-d66797f elementor-widget elementor-widget-image\" data-id=\"d66797f\" data-element_type=\"widget\" data-e-type=\"widget\" data-widget_type=\"image.default\">\n\t\t\t\t\t\t\t\t\t\t\t\t\t\t\t<img alt=\"\" loading=\"lazy\" decoding=\"async\" width=\"1024\" height=\"1024\" src=\"https:\/\/snakkar.fr\/wp-content\/uploads\/2025\/12\/Copilot_20251217_094405.webp\" class=\"attachment-large size-large wp-image-14012\" srcset=\"https:\/\/snakkar.fr\/wp-content\/uploads\/2025\/12\/Copilot_20251217_094405.webp 1024w, https:\/\/snakkar.fr\/wp-content\/uploads\/2025\/12\/Copilot_20251217_094405-300x300.webp 300w, https:\/\/snakkar.fr\/wp-content\/uploads\/2025\/12\/Copilot_20251217_094405-150x150.webp 150w, https:\/\/snakkar.fr\/wp-content\/uploads\/2025\/12\/Copilot_20251217_094405-768x768.webp 768w\" sizes=\"auto, (max-width: 1024px) 100vw, 1024px\" \/>\t\t\t\t\t\t\t\t\t\t\t\t\t\t\t<\/div>\n\t\t\t\t<\/div>\n\t\t<div class=\"elementor-element elementor-element-1210453 e-con-full e-flex e-con e-child\" data-id=\"1210453\" data-element_type=\"container\" data-e-type=\"container\">\n\t\t\t\t<div class=\"elementor-element elementor-element-22c8cbc elementor-widget elementor-widget-heading\" data-id=\"22c8cbc\" data-element_type=\"widget\" data-e-type=\"widget\" data-widget_type=\"heading.default\">\n\t\t\t\t\t<div class=\"elementor-heading-title elementor-size-default\">Marcus Detrez<\/div>\t\t\t\t<\/div>\n\t\t\t\t<div class=\"elementor-element elementor-element-9700934 elementor-widget elementor-widget-heading\" data-id=\"9700934\" data-element_type=\"widget\" data-e-type=\"widget\" data-widget_type=\"heading.default\">\n\t\t\t\t\t<div class=\"elementor-heading-title elementor-size-default\">Fondateur \/ Formateur<\/div>\t\t\t\t<\/div>\n\t\t\t\t<\/div>\n\t\t\t\t<\/div>\n\t\t\t\t<\/div>\n\t\t\t\t<div class=\"elementor-element elementor-element-b6537e0 heading-style-h3 elementor-widget elementor-widget-heading\" data-id=\"b6537e0\" data-element_type=\"widget\" data-e-type=\"widget\" data-widget_type=\"heading.default\">\n\t\t\t\t\t<div class=\"elementor-heading-title elementor-size-default\">196\u20ac<\/div>\t\t\t\t<\/div>\n\t\t\t\t<\/div>\n\t\t\t\t<\/a>\n\t\t\t\t\t<\/div>\n\t\t\t\t<\/div>\n\t\t\t\t<\/div>\n\t\t<\/div><div class=\"ts-preview\" data-post-id=\"15242\">\t\t<div data-elementor-type=\"page\" data-elementor-id=\"14235\" class=\"elementor elementor-14235\" data-elementor-post-type=\"elementor_library\">\n\t\t\t\t<div class=\"elementor-element elementor-element-25c0196 e-flex e-con-boxed e-con e-parent\" data-id=\"25c0196\" data-element_type=\"container\" data-e-type=\"container\">\n\t\t\t\t\t<div class=\"e-con-inner\">\n\t\t<a class=\"elementor-element elementor-element-31a6249 e-con-full e-flex e-con e-child\" data-id=\"31a6249\" data-element_type=\"container\" data-e-type=\"container\" data-settings=\"{&quot;background_background&quot;:&quot;classic&quot;}\" href=\"https:\/\/snakkar.fr\/en\/class\/spring-toeic-camp-2026-deuxieme-session\/\">\n\t\t<div style=\"background-image: url(&#039;https:\/\/snakkar.fr\/wp-content\/uploads\/2025\/12\/69693.webp&#039;)\" class=\"elementor-element elementor-element-9bf4eb1 e-con-full featured-img e-flex e-con e-child\" data-id=\"9bf4eb1\" data-element_type=\"container\" data-e-type=\"container\" data-settings=\"{&quot;background_background&quot;:&quot;classic&quot;}\">\n\t\t\t\t<\/div>\n\t\t<div class=\"elementor-element elementor-element-9b8c7a6 e-con-full e-flex e-con e-child\" data-id=\"9b8c7a6\" data-element_type=\"container\" data-e-type=\"container\">\n\t\t<div class=\"elementor-element elementor-element-cd363b9 e-con-full e-flex e-con e-child\" data-id=\"cd363b9\" data-element_type=\"container\" data-e-type=\"container\">\n\t\t\t\t<div class=\"elementor-element elementor-element-462bc22 elementor-widget elementor-widget-heading\" data-id=\"462bc22\" data-element_type=\"widget\" data-e-type=\"widget\" data-widget_type=\"heading.default\">\n\t\t\t\t\t<div class=\"elementor-heading-title elementor-size-default\">2026-03-23<\/div>\t\t\t\t<\/div>\n\t\t\t\t<div class=\"elementor-element elementor-element-3786b9e elementor-widget elementor-widget-heading\" data-id=\"3786b9e\" data-element_type=\"widget\" data-e-type=\"widget\" data-widget_type=\"heading.default\">\n\t\t\t\t\t<div class=\"elementor-heading-title elementor-size-default\">Parcours<\/div>\t\t\t\t<\/div>\n\t\t\t\t<\/div>\n\t\t\t\t<div class=\"elementor-element elementor-element-034ccf1 elementor-widget elementor-widget-heading\" data-id=\"034ccf1\" data-element_type=\"widget\" data-e-type=\"widget\" data-widget_type=\"heading.default\">\n\t\t\t\t\t<h3 class=\"elementor-heading-title elementor-size-default\">SPRING TOEIC CAMP 2026 - Deuxi\u00e8me session<\/h3>\t\t\t\t<\/div>\n\t\t\t\t<div class=\"elementor-element elementor-element-ecbe8d5 elementor-widget elementor-widget-text-editor\" data-id=\"ecbe8d5\" data-element_type=\"widget\" data-e-type=\"widget\" data-widget_type=\"text-editor.default\">\n\t\t\t\t\t\t\t\t\tProgramme intensif d\u2019un mois pour ma\u00eetriser la logique du TOEIC, progresser en anglais pro et automatiser les strat\u00e9gies du test gr\u00e2ce \u00e0 12 sessions guid\u00e9es et une p\u00e9dagogie claire et vivante.\t\t\t\t\t\t\t\t<\/div>\n\t\t<div class=\"elementor-element elementor-element-2c5c558 e-con-full e-flex e-con e-child\" data-id=\"2c5c558\" data-element_type=\"container\" data-e-type=\"container\" data-settings=\"{&quot;background_background&quot;:&quot;classic&quot;}\">\n\t\t<div class=\"elementor-element elementor-element-70dadb6 e-con-full e-flex e-con e-child\" data-id=\"70dadb6\" data-element_type=\"container\" data-e-type=\"container\">\n\t\t<div class=\"elementor-element elementor-element-5baf560 e-con-full avatar-1 e-flex e-con e-child\" data-id=\"5baf560\" data-element_type=\"container\" data-e-type=\"container\">\n\t\t\t\t<div class=\"elementor-element elementor-element-d66797f elementor-widget elementor-widget-image\" data-id=\"d66797f\" data-element_type=\"widget\" data-e-type=\"widget\" data-widget_type=\"image.default\">\n\t\t\t\t\t\t\t\t\t\t\t\t\t\t\t<img alt=\"\" loading=\"lazy\" decoding=\"async\" width=\"1024\" height=\"1024\" src=\"https:\/\/snakkar.fr\/wp-content\/uploads\/2025\/12\/Copilot_20251217_094405.webp\" class=\"attachment-large size-large wp-image-14012\" srcset=\"https:\/\/snakkar.fr\/wp-content\/uploads\/2025\/12\/Copilot_20251217_094405.webp 1024w, https:\/\/snakkar.fr\/wp-content\/uploads\/2025\/12\/Copilot_20251217_094405-300x300.webp 300w, https:\/\/snakkar.fr\/wp-content\/uploads\/2025\/12\/Copilot_20251217_094405-150x150.webp 150w, https:\/\/snakkar.fr\/wp-content\/uploads\/2025\/12\/Copilot_20251217_094405-768x768.webp 768w\" sizes=\"auto, (max-width: 1024px) 100vw, 1024px\" \/>\t\t\t\t\t\t\t\t\t\t\t\t\t\t\t<\/div>\n\t\t\t\t<\/div>\n\t\t<div class=\"elementor-element elementor-element-1210453 e-con-full e-flex e-con e-child\" data-id=\"1210453\" data-element_type=\"container\" data-e-type=\"container\">\n\t\t\t\t<div class=\"elementor-element elementor-element-22c8cbc elementor-widget elementor-widget-heading\" data-id=\"22c8cbc\" data-element_type=\"widget\" data-e-type=\"widget\" data-widget_type=\"heading.default\">\n\t\t\t\t\t<div class=\"elementor-heading-title elementor-size-default\">Marcus Detrez<\/div>\t\t\t\t<\/div>\n\t\t\t\t<div class=\"elementor-element elementor-element-9700934 elementor-widget elementor-widget-heading\" data-id=\"9700934\" data-element_type=\"widget\" data-e-type=\"widget\" data-widget_type=\"heading.default\">\n\t\t\t\t\t<div class=\"elementor-heading-title elementor-size-default\">Fondateur \/ Formateur<\/div>\t\t\t\t<\/div>\n\t\t\t\t<\/div>\n\t\t\t\t<\/div>\n\t\t\t\t<\/div>\n\t\t\t\t<div class=\"elementor-element elementor-element-b6537e0 heading-style-h3 elementor-widget elementor-widget-heading\" data-id=\"b6537e0\" data-element_type=\"widget\" data-e-type=\"widget\" data-widget_type=\"heading.default\">\n\t\t\t\t\t<div class=\"elementor-heading-title elementor-size-default\">99\u20ac<\/div>\t\t\t\t<\/div>\n\t\t\t\t<\/div>\n\t\t\t\t<\/a>\n\t\t\t\t\t<\/div>\n\t\t\t\t<\/div>\n\t\t\t\t<\/div>\n\t\t<\/div><div class=\"ts-preview\" data-post-id=\"14238\">\t\t<div data-elementor-type=\"page\" data-elementor-id=\"14235\" class=\"elementor elementor-14235\" data-elementor-post-type=\"elementor_library\">\n\t\t\t\t<div class=\"elementor-element elementor-element-25c0196 e-flex e-con-boxed e-con e-parent\" data-id=\"25c0196\" data-element_type=\"container\" data-e-type=\"container\">\n\t\t\t\t\t<div class=\"e-con-inner\">\n\t\t<a class=\"elementor-element elementor-element-31a6249 e-con-full e-flex e-con e-child\" data-id=\"31a6249\" data-element_type=\"container\" data-e-type=\"container\" data-settings=\"{&quot;background_background&quot;:&quot;classic&quot;}\" href=\"https:\/\/snakkar.fr\/en\/class\/spring-toeic-camp-2026\/\">\n\t\t<div style=\"background-image: url(&#039;https:\/\/snakkar.fr\/wp-content\/uploads\/2025\/12\/927.webp&#039;)\" class=\"elementor-element elementor-element-9bf4eb1 e-con-full featured-img e-flex e-con e-child\" data-id=\"9bf4eb1\" data-element_type=\"container\" data-e-type=\"container\" data-settings=\"{&quot;background_background&quot;:&quot;classic&quot;}\">\n\t\t\t\t<\/div>\n\t\t<div class=\"elementor-element elementor-element-9b8c7a6 e-con-full e-flex e-con e-child\" data-id=\"9b8c7a6\" data-element_type=\"container\" data-e-type=\"container\">\n\t\t<div class=\"elementor-element elementor-element-cd363b9 e-con-full e-flex e-con e-child\" data-id=\"cd363b9\" data-element_type=\"container\" data-e-type=\"container\">\n\t\t\t\t<div class=\"elementor-element elementor-element-462bc22 elementor-widget elementor-widget-heading\" data-id=\"462bc22\" data-element_type=\"widget\" data-e-type=\"widget\" data-widget_type=\"heading.default\">\n\t\t\t\t\t<div class=\"elementor-heading-title elementor-size-default\">2026-02-02<\/div>\t\t\t\t<\/div>\n\t\t\t\t<div class=\"elementor-element elementor-element-3786b9e elementor-widget elementor-widget-heading\" data-id=\"3786b9e\" data-element_type=\"widget\" data-e-type=\"widget\" data-widget_type=\"heading.default\">\n\t\t\t\t\t<div class=\"elementor-heading-title elementor-size-default\">Parcours<\/div>\t\t\t\t<\/div>\n\t\t\t\t<\/div>\n\t\t\t\t<div class=\"elementor-element elementor-element-034ccf1 elementor-widget elementor-widget-heading\" data-id=\"034ccf1\" data-element_type=\"widget\" data-e-type=\"widget\" data-widget_type=\"heading.default\">\n\t\t\t\t\t<h3 class=\"elementor-heading-title elementor-size-default\">SPRING TOEIC CAMP 2026<\/h3>\t\t\t\t<\/div>\n\t\t\t\t<div class=\"elementor-element elementor-element-ecbe8d5 elementor-widget elementor-widget-text-editor\" data-id=\"ecbe8d5\" data-element_type=\"widget\" data-e-type=\"widget\" data-widget_type=\"text-editor.default\">\n\t\t\t\t\t\t\t\t\tProgramme intensif d\u2019un mois pour ma\u00eetriser la logique du TOEIC, progresser en anglais pro et automatiser les strat\u00e9gies du test gr\u00e2ce \u00e0 12 sessions guid\u00e9es et une p\u00e9dagogie claire et vivante.\t\t\t\t\t\t\t\t<\/div>\n\t\t<div class=\"elementor-element elementor-element-2c5c558 e-con-full e-flex e-con e-child\" data-id=\"2c5c558\" data-element_type=\"container\" data-e-type=\"container\" data-settings=\"{&quot;background_background&quot;:&quot;classic&quot;}\">\n\t\t<div class=\"elementor-element elementor-element-70dadb6 e-con-full e-flex e-con e-child\" data-id=\"70dadb6\" data-element_type=\"container\" data-e-type=\"container\">\n\t\t<div class=\"elementor-element elementor-element-5baf560 e-con-full avatar-1 e-flex e-con e-child\" data-id=\"5baf560\" data-element_type=\"container\" data-e-type=\"container\">\n\t\t\t\t<div class=\"elementor-element elementor-element-d66797f elementor-widget elementor-widget-image\" data-id=\"d66797f\" data-element_type=\"widget\" data-e-type=\"widget\" data-widget_type=\"image.default\">\n\t\t\t\t\t\t\t\t\t\t\t\t\t\t\t<img alt=\"\" loading=\"lazy\" decoding=\"async\" width=\"1024\" height=\"1024\" src=\"https:\/\/snakkar.fr\/wp-content\/uploads\/2025\/12\/Copilot_20251217_094405.webp\" class=\"attachment-large size-large wp-image-14012\" srcset=\"https:\/\/snakkar.fr\/wp-content\/uploads\/2025\/12\/Copilot_20251217_094405.webp 1024w, https:\/\/snakkar.fr\/wp-content\/uploads\/2025\/12\/Copilot_20251217_094405-300x300.webp 300w, https:\/\/snakkar.fr\/wp-content\/uploads\/2025\/12\/Copilot_20251217_094405-150x150.webp 150w, https:\/\/snakkar.fr\/wp-content\/uploads\/2025\/12\/Copilot_20251217_094405-768x768.webp 768w\" sizes=\"auto, (max-width: 1024px) 100vw, 1024px\" \/>\t\t\t\t\t\t\t\t\t\t\t\t\t\t\t<\/div>\n\t\t\t\t<\/div>\n\t\t<div class=\"elementor-element elementor-element-1210453 e-con-full e-flex e-con e-child\" data-id=\"1210453\" data-element_type=\"container\" data-e-type=\"container\">\n\t\t\t\t<div class=\"elementor-element elementor-element-22c8cbc elementor-widget elementor-widget-heading\" data-id=\"22c8cbc\" data-element_type=\"widget\" data-e-type=\"widget\" data-widget_type=\"heading.default\">\n\t\t\t\t\t<div class=\"elementor-heading-title elementor-size-default\">Marcus Detrez<\/div>\t\t\t\t<\/div>\n\t\t\t\t<div class=\"elementor-element elementor-element-9700934 elementor-widget elementor-widget-heading\" data-id=\"9700934\" data-element_type=\"widget\" data-e-type=\"widget\" data-widget_type=\"heading.default\">\n\t\t\t\t\t<div class=\"elementor-heading-title elementor-size-default\">Fondateur \/ Formateur<\/div>\t\t\t\t<\/div>\n\t\t\t\t<\/div>\n\t\t\t\t<\/div>\n\t\t\t\t<\/div>\n\t\t\t\t<div class=\"elementor-element elementor-element-b6537e0 heading-style-h3 elementor-widget elementor-widget-heading\" data-id=\"b6537e0\" data-element_type=\"widget\" data-e-type=\"widget\" data-widget_type=\"heading.default\">\n\t\t\t\t\t<div class=\"elementor-heading-title elementor-size-default\">99\u20ac<\/div>\t\t\t\t<\/div>\n\t\t\t\t<\/div>\n\t\t\t\t<\/a>\n\t\t\t\t\t<\/div>\n\t\t\t\t<\/div>\n\t\t\t\t<\/div>\n\t\t<\/div><\/div>\n<div class=\"ts-no-posts hidden\">\n\t<svg width=\"80\" height=\"80\" viewbox=\"0 0 24 25\" fill=\"none\" xmlns=\"http:\/\/www.w3.org\/2000\/svg\" transform=\"rotate(0 0 0)\"><path fill-rule=\"evenodd\" clip-rule=\"evenodd\" d=\"M11.25 2.75C6.14154 2.75 2 6.89029 2 11.998C2 17.1056 6.14154 21.2459 11.25 21.2459C13.5335 21.2459 15.6238 20.4187 17.2373 19.0475L20.7182 22.5287C21.011 22.8216 21.4859 22.8217 21.7788 22.5288C22.0717 22.2359 22.0718 21.761 21.7789 21.4681L18.2983 17.9872C19.6714 16.3736 20.5 14.2826 20.5 11.998C20.5 6.89029 16.3585 2.75 11.25 2.75ZM3.5 11.998C3.5 7.71905 6.96962 4.25 11.25 4.25C15.5304 4.25 19 7.71905 19 11.998C19 16.2769 15.5304 19.7459 11.25 19.7459C6.96962 19.7459 3.5 16.2769 3.5 11.998Z\" fill=\"#343C54\"\/><\/svg>\t<p>There are no results matching your search\t\t\t<\/p>\n\t\n<\/div>\n\t\t\t<div class=\"feed-pagination flexify hidden\">\n\t\t\t<a href=\"#\" class=\"ts-btn ts-btn-1 ts-btn-large ts-load-prev disabled\">\n\t\t\t\t<svg width=\"80\" height=\"80\" viewbox=\"0 0 24 24\" fill=\"none\" xmlns=\"http:\/\/www.w3.org\/2000\/svg\" transform=\"rotate(0 0 0)\"><path d=\"M10.746 6.00002C10.746 5.69663 10.5632 5.42312 10.2829 5.30707C10.0026 5.19101 9.67996 5.25526 9.4655 5.46986L3.51254 11.4266C3.35184 11.5642 3.25 11.7685 3.25 11.9966V11.9982C3.24959 12.1906 3.32276 12.3831 3.46949 12.53L9.46548 18.5302C9.67994 18.7448 10.0026 18.809 10.2829 18.693C10.5632 18.5769 10.746 18.3034 10.746 18L10.746 12.7466L20.0014 12.7466C20.4156 12.7466 20.7514 12.4108 20.7514 11.9966C20.7514 11.5824 20.4156 11.2466 20.0014 11.2466L10.746 11.2466V6.00002Z\" fill=\"#343C54\"\/><\/svg>\t\t\t\tPrevious\t\t\t<\/a>\n\t\t\t<a href=\"#\" class=\"ts-btn ts-btn-1 ts-btn-large btn-icon-right ts-load-next disabled\">\n\t\t\t\tNext\t\t\t\t<svg width=\"80\" height=\"80\" viewbox=\"0 0 24 24\" fill=\"none\" xmlns=\"http:\/\/www.w3.org\/2000\/svg\" transform=\"rotate(0 0 0)\"><path d=\"M14.5359 5.46986C14.3214 5.25526 13.9988 5.19101 13.7185 5.30707C13.4382 5.42312 13.2554 5.69663 13.2554 6.00002V11.2466L4 11.2466C3.58579 11.2466 3.25 11.5824 3.25 11.9966C3.25 12.4108 3.58579 12.7466 4 12.7466L13.2554 12.7466V18C13.2554 18.3034 13.4382 18.5769 13.7185 18.693C13.9988 18.809 14.3214 18.7448 14.5359 18.5302L20.5319 12.53C20.6786 12.3831 20.7518 12.1905 20.7514 11.9981L20.7514 11.9966C20.7514 11.7685 20.6495 11.5642 20.4888 11.4266L14.5359 5.46986Z\" fill=\"#343C54\"\/><\/svg>\t\t\t<\/a>\n\t\t<\/div>\n\t\t\t\t\t<\/div>\n\t\t\t\t\t<\/div>\n\t\t\t\t<\/div>\n\t\t\t\t<\/div>","protected":false},"excerpt":{"rendered":"<p>Parcours en direct Des parcours d\u2019apprentissage progressifs et structur\u00e9s. Atteignez vos objectifs linguistiques gr\u00e2ce \u00e0 nos parcours de formation modernes, humains et personnalis\u00e9s.<\/p>","protected":false},"author":5,"featured_media":0,"parent":0,"menu_order":0,"comment_status":"closed","ping_status":"closed","template":"","meta":{"_seopress_robots_primary_cat":"","_seopress_titles_title":"","_seopress_titles_desc":"","_seopress_robots_index":"","footnotes":""},"class_list":["post-14927","page","type-page","status-publish","hentry"],"_links":{"self":[{"href":"https:\/\/snakkar.fr\/en\/wp-json\/wp\/v2\/pages\/14927","targetHints":{"allow":["GET"]}}],"collection":[{"href":"https:\/\/snakkar.fr\/en\/wp-json\/wp\/v2\/pages"}],"about":[{"href":"https:\/\/snakkar.fr\/en\/wp-json\/wp\/v2\/types\/page"}],"author":[{"embeddable":true,"href":"https:\/\/snakkar.fr\/en\/wp-json\/wp\/v2\/users\/5"}],"replies":[{"embeddable":true,"href":"https:\/\/snakkar.fr\/en\/wp-json\/wp\/v2\/comments?post=14927"}],"version-history":[{"count":5,"href":"https:\/\/snakkar.fr\/en\/wp-json\/wp\/v2\/pages\/14927\/revisions"}],"predecessor-version":[{"id":14939,"href":"https:\/\/snakkar.fr\/en\/wp-json\/wp\/v2\/pages\/14927\/revisions\/14939"}],"wp:attachment":[{"href":"https:\/\/snakkar.fr\/en\/wp-json\/wp\/v2\/media?parent=14927"}],"curies":[{"name":"wp","href":"https:\/\/api.w.org\/{rel}","templated":true}]}}